{"id":186,"date":"2018-12-06T06:10:53","date_gmt":"2018-12-06T06:10:53","guid":{"rendered":"https:\/\/geometriedidaktik.at\/?page_id=186"},"modified":"2024-09-18T05:51:02","modified_gmt":"2024-09-18T05:51:02","slug":"about","status":"publish","type":"page","link":"https:\/\/geometriedidaktik.at\/en\/about\/","title":{"rendered":"About me"},"content":{"rendered":"<p>Impressum:<br \/>\nInformationspflicht laut \u00a75 E-Commerce Gesetz, \u00a714 Unternehmensgesetzbuch, \u00a763 Gewerbeordnung und Offenlegungspflicht laut \u00a725 Mediengesetz.<\/p>\n<p>Medieninhaber:<br \/>\nG\u00fcnter Maresch<\/p>\n<p>Grundlegende Richtung der Website:<br \/>\nBereitstellung von Informationen zur Didaktik der Geometrie<\/p>\n<p>Sitz:<br \/>\nParis Lodron Universit\u00e4t Salzburg (PLUS)<br \/>\nSchool of Education<br \/>\nHellbrunnerstra\u00dfe 34<br \/>\n5020 Salzburg<\/p>\n<p>Web:<br \/>\nhttps:\/\/geometriedidaktik.at\/<\/p>\n<p>Kontakt, Anregungen, Beschwerden, Informationen, &#8230; richten Sie gerne an:<br \/>\nguenter.maresch (at) sbg.ac.at<\/p>\n<p>Copyright-Vermerk:<br \/>\nAlle Inhalte dieser Webseite (Bilder, Fotos, Texte, Videos) unterliegen dem Urheberrecht.<\/p>\n<p>Bildernachweis:<br \/>\nDie Bilder, Fotos und Grafiken auf dieser Webseite sind urheberrechtlich gesch\u00fctzt<\/p>\n<p>Haftung f\u00fcr Links auf dieser Website:<br \/>\nDie Webseite enth\u00e4lt Links https:\/\/geometriedidaktik.at\/ zu anderen Webseiten f\u00fcr deren Inhalt wir nicht verantwortlich sind. Wenn Ihnen rechtswidrige Links auf unserer Webseite auffallen, bitte wir Sie uns zu kontaktieren, Sie finden die Kontaktdaten in diesem Impressum.<\/p>\n<p>Haftungsausschluss:<br \/>\nWir entwickeln die Inhalte dieser Webseite st\u00e4ndig weiter und bem\u00fchen uns korrekte und aktuelle Informationen bereitzustellen. Wir aber trotzdem keine Haftung f\u00fcr die Korrektheit aller Inhalte auf dieser Webseite \u00fcbernehmen, speziell f\u00fcr jene die seitens Dritter bereitgestellt wird. Sollten Ihnen problematische oder rechtswidrige Inhalte auffallen, bitte wir Sie uns umgehend zu kontaktieren, Sie finden die Kontaktdaten in diesem Impressum.<\/p>\n","protected":false},"excerpt":{"rendered":"<p>Impressum: Informationspflicht laut \u00a75 E-Commerce Gesetz, \u00a714 Unternehmensgesetzbuch, \u00a763 Gewerbeordnung und Offenlegungspflicht laut \u00a725 Mediengesetz. Medieninhaber: G\u00fcnter Maresch Grundlegende Richtung der Website: Bereitstellung von Informationen zur Didaktik der Geometrie Sitz: Paris Lodron Universit\u00e4t Salzburg (PLUS) School of Education Hellbrunnerstra\u00dfe 34 5020 Salzburg Web: https:\/\/geometriedidaktik.at\/ Kontakt, Anregungen, Beschwerden, Informationen, &#8230; richten Sie gerne an: guenter.maresch (at) <a href=\"https:\/\/geometriedidaktik.at\/en\/about\/\" class=\"read-more inline\">Read More<\/a><\/p>\n","protected":false},"author":1,"featured_media":0,"parent":0,"menu_order":8,"comment_status":"closed","ping_status":"closed","template":"","meta":{"footnotes":""},"class_list":["post-186","page","type-page","status-publish","hentry"],"_links":{"self":[{"href":"https:\/\/geometriedidaktik.at\/en\/wp-json\/wp\/v2\/pages\/186","targetHints":{"allow":["GET"]}}],"collection":[{"href":"https:\/\/geometriedidaktik.at\/en\/wp-json\/wp\/v2\/pages"}],"about":[{"href":"https:\/\/geometriedidaktik.at\/en\/wp-json\/wp\/v2\/types\/page"}],"author":[{"embeddable":true,"href":"https:\/\/geometriedidaktik.at\/en\/wp-json\/wp\/v2\/users\/1"}],"replies":[{"embeddable":true,"href":"https:\/\/geometriedidaktik.at\/en\/wp-json\/wp\/v2\/comments?post=186"}],"version-history":[{"count":3,"href":"https:\/\/geometriedidaktik.at\/en\/wp-json\/wp\/v2\/pages\/186\/revisions"}],"predecessor-version":[{"id":3354,"href":"https:\/\/geometriedidaktik.at\/en\/wp-json\/wp\/v2\/pages\/186\/revisions\/3354"}],"wp:attachment":[{"href":"https:\/\/geometriedidaktik.at\/en\/wp-json\/wp\/v2\/media?parent=186"}],"curies":[{"name":"wp","href":"https:\/\/api.w.org\/{rel}","templated":true}]}}